{"id":5026,"date":"2024-04-04T22:54:42","date_gmt":"2024-04-04T22:54:42","guid":{"rendered":"https:\/\/ceoofyour.life\/?page_id=5026"},"modified":"2024-10-14T23:30:41","modified_gmt":"2024-10-14T23:30:41","slug":"footer-fr","status":"publish","type":"page","link":"https:\/\/ceoofyour.life\/fr\/footer-fr\/","title":{"rendered":"footer fr"},"content":{"rendered":"<style type=\"text\/css\" data-created_by=\"avia_inline_auto\" id=\"style-css-av-aylzwy-ebd272a3e5704ed7f2e9999fed9c6800\">\n.avia-section.av-aylzwy-ebd272a3e5704ed7f2e9999fed9c6800{\nbackground-color:#eaeff2;\nbackground-image:unset;\n}\n<\/style>\n<div id='av_section_1'  class='avia-section av-aylzwy-ebd272a3e5704ed7f2e9999fed9c6800 main_color avia-section-default avia-no-border-styling  avia-builder-el-0  el_before_av_section  avia-builder-el-first  avia-bg-style-scroll container_wrap fullsize'  ><div class='container av-section-cont-open' ><main  role=\"main\" itemprop=\"mainContentOfPage\"  class='template-page content  av-content-full alpha units'><div class='post-entry post-entry-type-page post-entry-5026'><div class='entry-content-wrapper clearfix'>\n\n<style type=\"text\/css\" data-created_by=\"avia_inline_auto\" id=\"style-css-av-lulu1wjy-4c24582cd6fb7a1feb841b993c4f682c\">\n#top .av-special-heading.av-lulu1wjy-4c24582cd6fb7a1feb841b993c4f682c{\npadding-bottom:10px;\n}\nbody .av-special-heading.av-lulu1wjy-4c24582cd6fb7a1feb841b993c4f682c .av-special-heading-tag .heading-char{\nfont-size:25px;\n}\n.av-special-heading.av-lulu1wjy-4c24582cd6fb7a1feb841b993c4f682c .av-subheading{\nfont-size:15px;\n}\n<\/style>\n<div  class='av-special-heading av-lulu1wjy-4c24582cd6fb7a1feb841b993c4f682c av-special-heading-h2 blockquote modern-quote modern-centered  avia-builder-el-1  el_before_av_image  avia-builder-el-first'><h2 class='av-special-heading-tag'  itemprop=\"headline\"  >Ils nous font confiance<\/h2><div class='av-subheading av-subheading_below'><p>PDG de votre vie a re\u00e7u la confiance de plusieurs grandes organisations.<\/p>\n<\/div><div class=\"special-heading-border\"><div class=\"special-heading-inner-border\"><\/div><\/div><\/div>\n\n<style type=\"text\/css\" data-created_by=\"avia_inline_auto\" id=\"style-css-av-9c15pe-8abb48119dc4b0806f66d9f12184309c\">\n.avia-image-container.av-9c15pe-8abb48119dc4b0806f66d9f12184309c img.avia_image{\nbox-shadow:none;\n}\n.avia-image-container.av-9c15pe-8abb48119dc4b0806f66d9f12184309c .av-image-caption-overlay-center{\ncolor:#ffffff;\n}\n<\/style>\n<div  class='avia-image-container av-9c15pe-8abb48119dc4b0806f66d9f12184309c av-styling- avia-align-center  avia-builder-el-2  el_after_av_heading  avia-builder-el-last'   itemprop=\"image\" itemscope=\"itemscope\" itemtype=\"https:\/\/schema.org\/ImageObject\" ><div class=\"avia-image-container-inner\"><div class=\"avia-image-overlay-wrap\"><img decoding=\"async\" fetchpriority=\"high\" class='wp-image-5024 avia-img-lazy-loading-not-5024 avia_image' src=\"https:\/\/ceoofyour.life\/wp-content\/uploads\/2024\/04\/logos-mel-2.jpg\" alt='' title='logos-mel (2)'  height=\"384\" width=\"1335\"  itemprop=\"thumbnailUrl\" srcset=\"https:\/\/ceoofyour.life\/wp-content\/uploads\/2024\/04\/logos-mel-2.jpg 1335w, https:\/\/ceoofyour.life\/wp-content\/uploads\/2024\/04\/logos-mel-2-300x86.jpg 300w, https:\/\/ceoofyour.life\/wp-content\/uploads\/2024\/04\/logos-mel-2-1030x296.jpg 1030w, https:\/\/ceoofyour.life\/wp-content\/uploads\/2024\/04\/logos-mel-2-768x221.jpg 768w, https:\/\/ceoofyour.life\/wp-content\/uploads\/2024\/04\/logos-mel-2-705x203.jpg 705w\" sizes=\"(max-width: 1335px) 100vw, 1335px\" \/><\/div><\/div><\/div>\n\n<\/div><\/div><\/main><!-- close content main element --><\/div><\/div>\n<style type=\"text\/css\" data-created_by=\"avia_inline_auto\" id=\"style-css-av-eky7o2-0699d1b4121b2dd3acf9b8a52c202910\">\n.avia-section.av-eky7o2-0699d1b4121b2dd3acf9b8a52c202910{\nbackground-color:#c6d0d6;\nbackground-image:unset;\n}\n<\/style>\n<div id='av_section_2'  class='avia-section av-eky7o2-0699d1b4121b2dd3acf9b8a52c202910 main_color avia-section-default avia-no-border-styling  avia-builder-el-3  el_after_av_section  avia-builder-el-last  avia-bg-style-scroll container_wrap fullsize'  ><div class='container av-section-cont-open' ><div class='template-page content  av-content-full alpha units'><div class='post-entry post-entry-type-page post-entry-5026'><div class='entry-content-wrapper clearfix'>\n<div  class='flex_column av-clnroy-4b3091c51fd9bcf39827b9057af109ad av_three_fifth  avia-builder-el-4  el_before_av_two_fifth  avia-builder-el-first  first flex_column_div'     ><section  class='av_textblock_section av-bjb0wi-bcc598d522f8fd00cf92ba77be91846c'   itemscope=\"itemscope\" itemtype=\"https:\/\/schema.org\/CreativeWork\" ><div class='avia_textblock'  itemprop=\"text\" ><h3>Melissa inspire des milliers de gens<\/h3>\n<p><span style=\"font-weight: 400;\">Melissa Dawn accompagne des cadres et dirigeants haut plac\u00e9s dans le but de les aider \u00e0 incarner leur pleine puissance et \u00e0 \u00eatre les dirigeants qu&#039;ils se veulent destin\u00e9 \u00e0 \u00eatre. Melissa, c&#039;est une coach ex\u00e9cutive et en leadership, conf\u00e9renci\u00e8re, animatrice d&#039;ateliers, autrice \u00e0 succ\u00e8s, ma\u00eetre praticienne de la m\u00e9decine \u00e9nerg\u00e9tique et fondatrice de PDG de votre vie dont la r\u00e9putation n&#039;est plus \u00e0 faire. Apr\u00e8s avoir b\u00e2ti son exp\u00e9rience en entreprise pendant 20 ans, Melissa a fond\u00e9 sa propre entreprise. Gr\u00e2ce \u00e0 tout son bagage, elle comprend parfaitement ce que c&#039;est de prosp\u00e9rer \u00e0 un point tel dans notre vie professionnelle que notre vie personnelle en b\u00e9n\u00e9ficie, mais aussi que toute notre exp\u00e9rience de vie s&#039;en trouve enrichie de m\u00eame que celle des personnes qui nous environnent. En sa qualit\u00e9 de coach experte certifi\u00e9e (MCC), Melissa adopte une approche holistique fond\u00e9e sur ses valeurs pour accompagner les cadres et dirigeants haut plac\u00e9s dans leur parcours pour devenir des agents de changement positifs, en les aidant \u00e0 faire ressortir le leader en eux. <\/span><span style=\"font-weight: 400;\">Melissa travaille, dans le cadre d&#039;\u2019<\/span><a href=\"https:\/\/ceoofyour.life\/fr\/work-with-melissa\/\"><span style=\"font-weight: 400;\">ateliers et de programmes de coaching<\/span><\/a><span style=\"font-weight: 400;\"> novateurs, avec des personnes, des \u00e9quipes et des organisations<\/span><span style=\"font-weight: 400;\">. Elle a aid\u00e9 des milliers de personnes \u00e0 devenir le PDG de leur vie personnelle et professionnelle en toute confiance, dans la joie et avec succ\u00e8s.<\/span><\/p>\n<\/div><\/section><br \/>\n<section  class='av_textblock_section av-9701n6-23923d123dd97b6cfa83ce62490a5fec'   itemscope=\"itemscope\" itemtype=\"https:\/\/schema.org\/CreativeWork\" ><div class='avia_textblock'  itemprop=\"text\" ><h2><b>Services<\/b><\/h2>\n<p><a href=\"https:\/\/ceoofyour.life\/fr\/speaking\/\"><span style=\"font-weight: 400;\">Leadership<\/span><\/a><br \/>\n<a href=\"https:\/\/ceoofyour.life\/fr\/corporate-and-leadership-coaching\/\"><span style=\"font-weight: 400;\">Coaching en leadership et en entreprise<\/span><\/a><br \/>\n<a href=\"https:\/\/ceoofyour.life\/fr\/executive-coaching\/\"><span style=\"font-weight: 400;\">Coaching ex\u00e9cutif<\/span><\/a><br \/>\n<a href=\"https:\/\/ceoofyour.life\/fr\/online-coaching-with-ceo-of-your-life\/\"><span style=\"font-weight: 400;\">Coaching en ligne<\/span><\/a><br \/>\n<a href=\"https:\/\/ceoofyour.life\/fr\/professional-coaching-for-conscious-leaders\/\"><span style=\"font-weight: 400;\">Coaching professionnel pour des dirigeants pleinement conscients<\/span><\/a><br \/>\n<a href=\"https:\/\/ceoofyour.life\/fr\/speaking\/\"><span style=\"font-weight: 400;\">Conf\u00e9rences et discussions<\/span><\/a><br \/>\n<a href=\"https:\/\/ceoofyour.life\/fr\/team-performance-coaching\/\"><span style=\"font-weight: 400;\">Coaching pour une \u00e9quipe accomplie<\/span><\/a><br \/>\n<a href=\"https:\/\/ceoofyour.life\/fr\/work-with-me\/\"><span style=\"font-weight: 400;\">Coaching individuel privil\u00e9gi\u00e9 ex\u00e9cutif et en leadership<\/span><\/a><\/p>\n<\/div><\/section><br \/>\n\n<style type=\"text\/css\" data-created_by=\"avia_inline_auto\" id=\"style-css-av-7yzolu-53494bb2a8e78cf1c7396f0fc60a5d8f\">\n.avia-image-container.av-7yzolu-53494bb2a8e78cf1c7396f0fc60a5d8f img.avia_image{\nbox-shadow:none;\n}\n.avia-image-container.av-7yzolu-53494bb2a8e78cf1c7396f0fc60a5d8f .av-image-caption-overlay-center{\ncolor:#ffffff;\n}\n<\/style>\n<div  class='avia-image-container av-7yzolu-53494bb2a8e78cf1c7396f0fc60a5d8f av-styling- avia-align-center  avia-builder-el-7  el_after_av_textblock  avia-builder-el-last'   itemprop=\"image\" itemscope=\"itemscope\" itemtype=\"https:\/\/schema.org\/ImageObject\" ><div class=\"avia-image-container-inner\"><div class=\"avia-image-overlay-wrap\"><img decoding=\"async\" fetchpriority=\"high\" class='wp-image-5006 avia-img-lazy-loading-not-5006 avia_image' src=\"https:\/\/ceoofyour.life\/wp-content\/uploads\/2024\/02\/Screen-Shot-2024-02-16-at-1.19.02-PM-1.png\" alt='' title='Capture d&#039;\u00e9cran du 16\/02\/2024 \u00e0 13h19 (1)'  height=\"85\" width=\"634\"  itemprop=\"thumbnailUrl\" srcset=\"https:\/\/ceoofyour.life\/wp-content\/uploads\/2024\/02\/Screen-Shot-2024-02-16-at-1.19.02-PM-1.png 634w, https:\/\/ceoofyour.life\/wp-content\/uploads\/2024\/02\/Screen-Shot-2024-02-16-at-1.19.02-PM-1-300x40.png 300w\" sizes=\"(max-width: 634px) 100vw, 634px\" \/><\/div><\/div><\/div><\/p><\/div><div  class='flex_column av-6hb0zm-78cb39f9121cc8338894c51c95e1f4d8 av_two_fifth  avia-builder-el-8  el_after_av_three_fifth  avia-builder-el-last  flex_column_div'     ><p><section  class='av_textblock_section av-ejigy-2e9dcba9796efd9d158e3f1dd42ce6b3'   itemscope=\"itemscope\" itemtype=\"https:\/\/schema.org\/CreativeWork\" ><div class='avia_textblock'  itemprop=\"text\" ><p><b>Ressources<\/b><\/p>\n<p><a href=\"https:\/\/ceoofyour.life\/fr\/blogue\/\"><span style=\"font-weight: 400;\">Blog<\/span><span style=\"font-weight: 400;\"><br \/>\n<\/span><\/a><a href=\"https:\/\/ceoofyour.life\/fr\/book\/\"><span style=\"font-weight: 400;\">Livre<\/span><span style=\"font-weight: 400;\"><br \/>\n<\/span><\/a><a href=\"https:\/\/ceoofyour.life\/fr\/leadership-conscient-les-questions-les-plus-frequemment-posees\/\"><span style=\"font-weight: 400;\">Leadership conscient \u2013 Les questions les plus fr\u00e9quemment pos\u00e9es<\/span><span style=\"font-weight: 400;\"><br \/>\n<\/span><\/a><a href=\"https:\/\/ceoofyour.life\/fr\/inner-leader\/\"><span style=\"font-weight: 400;\">Livre num\u00e9rique<\/span><span style=\"font-weight: 400;\"><br \/>\n<\/span><\/a><\/p>\n<\/div><\/section><br \/>\n<section  class='av_textblock_section av-32anoy-684d260abb5497c87c1933a08e27dd61'   itemscope=\"itemscope\" itemtype=\"https:\/\/schema.org\/CreativeWork\" ><div class='avia_textblock'  itemprop=\"text\" ><p><b>Communications<\/b><\/p>\n<p><a href=\"https:\/\/ceoofyour.life\/fr\/reservez-melissa\/\"><span style=\"font-weight: 400;\">R\u00e9servez les services de Melissa Dawn pour une conf\u00e9rence<\/span><\/a><\/p>\n<p><a href=\"https:\/\/ceoofyour.life\/fr\/contactez-moi\"><span style=\"font-weight: 400;\">Demandez une premi\u00e8re rencontre de coaching avec Melissa Dawn<\/span><span style=\"font-weight: 400;\"><br \/>\n<\/span><\/a><a href=\"mailto:joyful@melissadawn.ca\"><span style=\"font-weight: 400;\">joyful@melissadawn.ca<\/span><span style=\"font-weight: 400;\"><br \/>\n<\/span><\/a><a href=\"tel:5145833061\"><span style=\"font-weight: 400;\">514-583-3061<\/span><span style=\"font-weight: 400;\"><br \/>\n<\/span><\/a><span style=\"font-weight: 400;\">Montr\u00e9al (Qu\u00e9bec) Canada<\/span><\/p>\n<p><a href=\"https:\/\/ceoofyour.life\/fr\/about-2\/\"><span style=\"font-weight: 400;\">\u00c0 propos de moi<\/span><\/a><\/p>\n<p><a href=\"https:\/\/ceoofyour.life\/fr\/press-kit\/\"><span style=\"font-weight: 400;\">Trousse d&#039;information<\/span><\/a><\/p>\n<div>\n<div><\/div>\n<\/div>\n<\/div><\/section><\/p><\/div>","protected":false},"excerpt":{"rendered":"","protected":false},"author":3,"featured_media":0,"parent":0,"menu_order":0,"comment_status":"closed","ping_status":"closed","template":"","meta":{"footnotes":""},"class_list":["post-5026","page","type-page","status-publish","hentry"],"yoast_head":"<!-- This site is optimized with the Yoast SEO plugin v27.5 - https:\/\/yoast.com\/product\/yoast-seo-wordpress\/ -->\n<title>footer fr - Melissa Dawn | CEO of Your Life<\/title>\n<meta name=\"robots\" content=\"index, follow, max-snippet:-1, max-image-preview:large, max-video-preview:-1\" \/>\n<link rel=\"canonical\" href=\"https:\/\/ceoofyour.life\/fr\/footer-fr\/\" \/>\n<meta property=\"og:locale\" content=\"fr_CA\" \/>\n<meta property=\"og:type\" content=\"article\" \/>\n<meta property=\"og:title\" content=\"footer fr - Melissa Dawn | CEO of Your Life\" \/>\n<meta property=\"og:url\" content=\"https:\/\/ceoofyour.life\/fr\/footer-fr\/\" \/>\n<meta property=\"og:site_name\" content=\"Melissa Dawn | CEO of Your Life\" \/>\n<meta property=\"article:publisher\" content=\"https:\/\/www.facebook.com\/joyfulcareer\" \/>\n<meta property=\"article:modified_time\" content=\"2024-10-14T23:30:41+00:00\" \/>\n<meta property=\"og:image\" content=\"https:\/\/ceoofyour.life\/wp-content\/uploads\/2018\/05\/Melissa-Dawn-CEO-of-your-life.jpg\" \/>\n\t<meta property=\"og:image:width\" content=\"1695\" \/>\n\t<meta property=\"og:image:height\" content=\"905\" \/>\n\t<meta property=\"og:image:type\" content=\"image\/jpeg\" \/>\n<meta name=\"twitter:card\" content=\"summary_large_image\" \/>\n<meta name=\"twitter:site\" content=\"@ceoofyourlife\" \/>\n<meta name=\"twitter:label1\" content=\"Estimation du temps de lecture\" \/>\n\t<meta name=\"twitter:data1\" content=\"2 minutes\" \/>\n<script type=\"application\/ld+json\" class=\"yoast-schema-graph\">{\"@context\":\"https:\\\/\\\/schema.org\",\"@graph\":[{\"@type\":\"WebPage\",\"@id\":\"https:\\\/\\\/ceoofyour.life\\\/fr\\\/footer-fr\\\/\",\"url\":\"https:\\\/\\\/ceoofyour.life\\\/fr\\\/footer-fr\\\/\",\"name\":\"footer fr - Melissa Dawn | CEO of Your Life\",\"isPartOf\":{\"@id\":\"https:\\\/\\\/ceoofyour.life\\\/#website\"},\"datePublished\":\"2024-04-04T22:54:42+00:00\",\"dateModified\":\"2024-10-14T23:30:41+00:00\",\"inLanguage\":\"fr-CA\",\"potentialAction\":[{\"@type\":\"ReadAction\",\"target\":[\"https:\\\/\\\/ceoofyour.life\\\/fr\\\/footer-fr\\\/\"]}]},{\"@type\":\"WebSite\",\"@id\":\"https:\\\/\\\/ceoofyour.life\\\/#website\",\"url\":\"https:\\\/\\\/ceoofyour.life\\\/\",\"name\":\"Melissa Dawn | CEO of Your Life\",\"description\":\"Speaker | Coach | Author\",\"publisher\":{\"@id\":\"https:\\\/\\\/ceoofyour.life\\\/#\\\/schema\\\/person\\\/c31ef9898542c0f54ff11b97f2e367bc\"},\"potentialAction\":[{\"@type\":\"SearchAction\",\"target\":{\"@type\":\"EntryPoint\",\"urlTemplate\":\"https:\\\/\\\/ceoofyour.life\\\/?s={search_term_string}\"},\"query-input\":{\"@type\":\"PropertyValueSpecification\",\"valueRequired\":true,\"valueName\":\"search_term_string\"}}],\"inLanguage\":\"fr-CA\"},{\"@type\":[\"Person\",\"Organization\"],\"@id\":\"https:\\\/\\\/ceoofyour.life\\\/#\\\/schema\\\/person\\\/c31ef9898542c0f54ff11b97f2e367bc\",\"name\":\"Melissa Dawn\",\"image\":{\"@type\":\"ImageObject\",\"inLanguage\":\"fr-CA\",\"@id\":\"https:\\\/\\\/secure.gravatar.com\\\/avatar\\\/57222f608fafed2f475c85aa87cb50b858575845e141e7c0524d5cfd4351f543?s=96&d=mm&r=g\",\"url\":\"https:\\\/\\\/secure.gravatar.com\\\/avatar\\\/57222f608fafed2f475c85aa87cb50b858575845e141e7c0524d5cfd4351f543?s=96&d=mm&r=g\",\"contentUrl\":\"https:\\\/\\\/secure.gravatar.com\\\/avatar\\\/57222f608fafed2f475c85aa87cb50b858575845e141e7c0524d5cfd4351f543?s=96&d=mm&r=g\",\"caption\":\"Melissa Dawn\"},\"logo\":{\"@id\":\"https:\\\/\\\/secure.gravatar.com\\\/avatar\\\/57222f608fafed2f475c85aa87cb50b858575845e141e7c0524d5cfd4351f543?s=96&d=mm&r=g\"},\"description\":\"Melissa Dawn is a Master Certified Coach (MCC) by the International Coaching Federation, Motivational Speaker (Canadian Association of Professional Speakers \u2013 CAPS) and holds a Bachelor of Commerce (BComm). She is a regular contributor to the Huffington Post and Entrepreneur.com and has been featured on many podcasts and talk shows such as Entrepreneur on Fire, Breakfast Television, CJAD Radio and more. She is the Amazon international bestselling author of I Attract What I Am: Transform Failure into an Orgasmically Joyful Life and Business.\",\"sameAs\":[\"https:\\\/\\\/ceoofyour.life\\\/\",\"https:\\\/\\\/www.facebook.com\\\/joyfulcareer\",\"https:\\\/\\\/x.com\\\/ceoofyourlife\",\"https:\\\/\\\/www.linkedin.com\\\/in\\\/melissadawnp\\\/\",\"https:\\\/\\\/www.amazon.ca\\\/stores\\\/author\\\/B073HMTBCP\",\"https:\\\/\\\/we2network.com\\\/we2-wp\\\/melissa-dawn\\\/\",\"https:\\\/\\\/www.credly.com\\\/badges\\\/e32b87f6-99fb-40d1-830f-dc0d6e7ce92d\"]}]}<\/script>\n<!-- \/ Yoast SEO plugin. -->","yoast_head_json":{"title":"footer fr - Melissa Dawn | CEO of Your Life","robots":{"index":"index","follow":"follow","max-snippet":"max-snippet:-1","max-image-preview":"max-image-preview:large","max-video-preview":"max-video-preview:-1"},"canonical":"https:\/\/ceoofyour.life\/fr\/footer-fr\/","og_locale":"fr_CA","og_type":"article","og_title":"footer fr - Melissa Dawn | CEO of Your Life","og_url":"https:\/\/ceoofyour.life\/fr\/footer-fr\/","og_site_name":"Melissa Dawn | CEO of Your Life","article_publisher":"https:\/\/www.facebook.com\/joyfulcareer","article_modified_time":"2024-10-14T23:30:41+00:00","og_image":[{"width":1695,"height":905,"url":"https:\/\/ceoofyour.life\/wp-content\/uploads\/2018\/05\/Melissa-Dawn-CEO-of-your-life.jpg","type":"image\/jpeg"}],"twitter_card":"summary_large_image","twitter_site":"@ceoofyourlife","twitter_misc":{"Estimation du temps de lecture":"2 minutes"},"schema":{"@context":"https:\/\/schema.org","@graph":[{"@type":"WebPage","@id":"https:\/\/ceoofyour.life\/fr\/footer-fr\/","url":"https:\/\/ceoofyour.life\/fr\/footer-fr\/","name":"footer fr - Melissa Dawn | CEO of Your Life","isPartOf":{"@id":"https:\/\/ceoofyour.life\/#website"},"datePublished":"2024-04-04T22:54:42+00:00","dateModified":"2024-10-14T23:30:41+00:00","inLanguage":"fr-CA","potentialAction":[{"@type":"ReadAction","target":["https:\/\/ceoofyour.life\/fr\/footer-fr\/"]}]},{"@type":"WebSite","@id":"https:\/\/ceoofyour.life\/#website","url":"https:\/\/ceoofyour.life\/","name":"Melissa Dawn | PDG de Your Life","description":"Conf\u00e9renci\u00e8re | Coach | Auteure","publisher":{"@id":"https:\/\/ceoofyour.life\/#\/schema\/person\/c31ef9898542c0f54ff11b97f2e367bc"},"potentialAction":[{"@type":"SearchAction","target":{"@type":"EntryPoint","urlTemplate":"https:\/\/ceoofyour.life\/?s={search_term_string}"},"query-input":{"@type":"PropertyValueSpecification","valueRequired":true,"valueName":"search_term_string"}}],"inLanguage":"fr-CA"},{"@type":["Person","Organization"],"@id":"https:\/\/ceoofyour.life\/#\/schema\/person\/c31ef9898542c0f54ff11b97f2e367bc","name":"Melissa Dawn","image":{"@type":"ImageObject","inLanguage":"fr-CA","@id":"https:\/\/secure.gravatar.com\/avatar\/57222f608fafed2f475c85aa87cb50b858575845e141e7c0524d5cfd4351f543?s=96&d=mm&r=g","url":"https:\/\/secure.gravatar.com\/avatar\/57222f608fafed2f475c85aa87cb50b858575845e141e7c0524d5cfd4351f543?s=96&d=mm&r=g","contentUrl":"https:\/\/secure.gravatar.com\/avatar\/57222f608fafed2f475c85aa87cb50b858575845e141e7c0524d5cfd4351f543?s=96&d=mm&r=g","caption":"Melissa Dawn"},"logo":{"@id":"https:\/\/secure.gravatar.com\/avatar\/57222f608fafed2f475c85aa87cb50b858575845e141e7c0524d5cfd4351f543?s=96&d=mm&r=g"},"description":"Melissa Dawn est coach certifi\u00e9e Master (MCC) par la F\u00e9d\u00e9ration internationale de coaching (ICF), conf\u00e9renci\u00e8re motivatrice (Association canadienne des conf\u00e9renciers professionnels \u2013 CAPS) et titulaire d&#039;un baccalaur\u00e9at en commerce (B.Comm.). Elle collabore r\u00e9guli\u00e8rement au Huffington Post et \u00e0 Entrepreneur.com et a \u00e9t\u00e9 invit\u00e9e \u00e0 de nombreux podcasts et \u00e9missions de t\u00e9l\u00e9vision, notamment Entrepreneur on Fire, Breakfast Television et CJAD Radio. Elle est l&#039;auteure du best-seller international d&#039;Amazon, \u00ab\u00a0J&#039;attire ce que je suis\u00a0: Transformer l&#039;\u00e9chec en une vie et une entreprise d&#039;une joie intense\u00a0\u00bb.","sameAs":["https:\/\/ceoofyour.life\/","https:\/\/www.facebook.com\/joyfulcareer","https:\/\/x.com\/ceoofyourlife","https:\/\/www.linkedin.com\/in\/melissadawnp\/","https:\/\/www.amazon.ca\/stores\/author\/B073HMTBCP","https:\/\/we2network.com\/we2-wp\/melissa-dawn\/","https:\/\/www.credly.com\/badges\/e32b87f6-99fb-40d1-830f-dc0d6e7ce92d"]}]}},"_links":{"self":[{"href":"https:\/\/ceoofyour.life\/fr\/wp-json\/wp\/v2\/pages\/5026","targetHints":{"allow":["GET"]}}],"collection":[{"href":"https:\/\/ceoofyour.life\/fr\/wp-json\/wp\/v2\/pages"}],"about":[{"href":"https:\/\/ceoofyour.life\/fr\/wp-json\/wp\/v2\/types\/page"}],"author":[{"embeddable":true,"href":"https:\/\/ceoofyour.life\/fr\/wp-json\/wp\/v2\/users\/3"}],"replies":[{"embeddable":true,"href":"https:\/\/ceoofyour.life\/fr\/wp-json\/wp\/v2\/comments?post=5026"}],"version-history":[{"count":0,"href":"https:\/\/ceoofyour.life\/fr\/wp-json\/wp\/v2\/pages\/5026\/revisions"}],"wp:attachment":[{"href":"https:\/\/ceoofyour.life\/fr\/wp-json\/wp\/v2\/media?parent=5026"}],"curies":[{"name":"wp","href":"https:\/\/api.w.org\/{rel}","templated":true}]}}